{"id":83,"date":"2019-03-02T11:14:05","date_gmt":"2019-03-02T11:14:05","guid":{"rendered":"http:\/\/asbim.es\/?page_id=83"},"modified":"2019-03-02T11:16:35","modified_gmt":"2019-03-02T11:16:35","slug":"escaneado-laser","status":"publish","type":"page","link":"https:\/\/asbim.es\/?page_id=83","title":{"rendered":"Escaneado laser"},"content":{"rendered":"\n<p>\n\nDigitalizaci\u00f3n de las caracter\u00edsticas f\u00edsicas de espacios existentes mediante nube de puntos.\n\n<\/p>\n\n\n\n<div class=\"wp-block-image\"><figure class=\"aligncenter\"><img loading=\"lazy\" decoding=\"async\" width=\"150\" height=\"150\" src=\"http:\/\/asbim.es\/wp-content\/uploads\/2019\/03\/TaBim_3Dscan-e1527005410447.jpg\" alt=\"\" class=\"wp-image-84\"\/><\/figure><\/div>\n","protected":false},"excerpt":{"rendered":"<p>Digitalizaci\u00f3n de las caracter\u00edsticas f\u00edsicas de espacios existentes mediante nube de puntos.<\/p>\n","protected":false},"author":1,"featured_media":84,"parent":0,"menu_order":0,"comment_status":"closed","ping_status":"closed","template":"page-templates\/business.php","meta":{"footnotes":""},"class_list":["post-83","page","type-page","status-publish","has-post-thumbnail","hentry"],"_links":{"self":[{"href":"https:\/\/asbim.es\/index.php?rest_route=\/wp\/v2\/pages\/83","targetHints":{"allow":["GET"]}}],"collection":[{"href":"https:\/\/asbim.es\/index.php?rest_route=\/wp\/v2\/pages"}],"about":[{"href":"https:\/\/asbim.es\/index.php?rest_route=\/wp\/v2\/types\/page"}],"author":[{"embeddable":true,"href":"https:\/\/asbim.es\/index.php?rest_route=\/wp\/v2\/users\/1"}],"replies":[{"embeddable":true,"href":"https:\/\/asbim.es\/index.php?rest_route=%2Fwp%2Fv2%2Fcomments&post=83"}],"version-history":[{"count":1,"href":"https:\/\/asbim.es\/index.php?rest_route=\/wp\/v2\/pages\/83\/revisions"}],"predecessor-version":[{"id":85,"href":"https:\/\/asbim.es\/index.php?rest_route=\/wp\/v2\/pages\/83\/revisions\/85"}],"wp:featuredmedia":[{"embeddable":true,"href":"https:\/\/asbim.es\/index.php?rest_route=\/wp\/v2\/media\/84"}],"wp:attachment":[{"href":"https:\/\/asbim.es\/index.php?rest_route=%2Fwp%2Fv2%2Fmedia&parent=83"}],"curies":[{"name":"wp","href":"https:\/\/api.w.org\/{rel}","templated":true}]}}