{"id":40,"date":"2018-02-20T20:36:20","date_gmt":"2018-02-20T20:36:20","guid":{"rendered":"http:\/\/asbim.es\/?page_id=40"},"modified":"2019-03-02T11:20:08","modified_gmt":"2019-03-02T11:20:08","slug":"asbim","status":"publish","type":"page","link":"https:\/\/asbim.es\/","title":{"rendered":"Modelado BIM"},"content":{"rendered":"<h2 class=\"section-title no-subtitle section_title_5\">Modelado BIM de edificios existentes y nueva edificaci\u00f3n a trav\u00e9s de documentaci\u00f3n gr\u00e1fica o esc\u00e1ner 3D.<\/h2>\n\n\n<p><\/p>\n","protected":false},"excerpt":{"rendered":"<p>Modelado BIM de edificios existentes y nueva edificaci\u00f3n a trav\u00e9s de documentaci\u00f3n gr\u00e1fica o esc\u00e1ner 3D.<\/p>\n","protected":false},"author":1,"featured_media":90,"parent":0,"menu_order":0,"comment_status":"closed","ping_status":"closed","template":"page-templates\/business.php","meta":{"footnotes":""},"class_list":["post-40","page","type-page","status-publish","has-post-thumbnail","hentry"],"_links":{"self":[{"href":"https:\/\/asbim.es\/index.php?rest_route=\/wp\/v2\/pages\/40","targetHints":{"allow":["GET"]}}],"collection":[{"href":"https:\/\/asbim.es\/index.php?rest_route=\/wp\/v2\/pages"}],"about":[{"href":"https:\/\/asbim.es\/index.php?rest_route=\/wp\/v2\/types\/page"}],"author":[{"embeddable":true,"href":"https:\/\/asbim.es\/index.php?rest_route=\/wp\/v2\/users\/1"}],"replies":[{"embeddable":true,"href":"https:\/\/asbim.es\/index.php?rest_route=%2Fwp%2Fv2%2Fcomments&post=40"}],"version-history":[{"count":9,"href":"https:\/\/asbim.es\/index.php?rest_route=\/wp\/v2\/pages\/40\/revisions"}],"predecessor-version":[{"id":92,"href":"https:\/\/asbim.es\/index.php?rest_route=\/wp\/v2\/pages\/40\/revisions\/92"}],"wp:featuredmedia":[{"embeddable":true,"href":"https:\/\/asbim.es\/index.php?rest_route=\/wp\/v2\/media\/90"}],"wp:attachment":[{"href":"https:\/\/asbim.es\/index.php?rest_route=%2Fwp%2Fv2%2Fmedia&parent=40"}],"curies":[{"name":"wp","href":"https:\/\/api.w.org\/{rel}","templated":true}]}}