{"id":11,"date":"2018-02-20T19:35:29","date_gmt":"2018-02-20T19:35:29","guid":{"rendered":"http:\/\/asbim.es\/?page_id=11"},"modified":"2018-02-20T20:31:40","modified_gmt":"2018-02-20T20:31:40","slug":"servicios-2","status":"publish","type":"page","link":"https:\/\/asbim.es\/?page_id=11","title":{"rendered":"Servicios"},"content":{"rendered":"<p><strong>ARQUI<\/strong><strong>T<\/strong><strong>ECTURA<\/strong><\/p>\n<p><strong>INGENIER\u00cdA<\/strong><\/p>\n<p><strong>ASESOR\u00cdA BIM<\/strong><\/p>\n<p><strong>LEVANTAMIENTOS BIM E INFOGRAF\u00cdAS<\/strong><\/p>\n<p><strong>URBANISMO<\/strong><\/p>\n<p><strong>INTERIORISMO<\/strong><\/p>\n<p><strong>EFICIENCIA ENERG\u00c9TICA<\/strong><\/p>\n","protected":false},"excerpt":{"rendered":"<p>ARQUITECTURA INGENIER\u00cdA ASESOR\u00cdA BIM LEVANTAMIENTOS BIM E INFOGRAF\u00cdAS URBANISMO INTERIORISMO EFICIENCIA ENERG\u00c9TICA<\/p>\n","protected":false},"author":1,"featured_media":0,"parent":0,"menu_order":0,"comment_status":"closed","ping_status":"closed","template":"","meta":{"footnotes":""},"class_list":["post-11","page","type-page","status-publish","hentry"],"_links":{"self":[{"href":"https:\/\/asbim.es\/index.php?rest_route=\/wp\/v2\/pages\/11","targetHints":{"allow":["GET"]}}],"collection":[{"href":"https:\/\/asbim.es\/index.php?rest_route=\/wp\/v2\/pages"}],"about":[{"href":"https:\/\/asbim.es\/index.php?rest_route=\/wp\/v2\/types\/page"}],"author":[{"embeddable":true,"href":"https:\/\/asbim.es\/index.php?rest_route=\/wp\/v2\/users\/1"}],"replies":[{"embeddable":true,"href":"https:\/\/asbim.es\/index.php?rest_route=%2Fwp%2Fv2%2Fcomments&post=11"}],"version-history":[{"count":2,"href":"https:\/\/asbim.es\/index.php?rest_route=\/wp\/v2\/pages\/11\/revisions"}],"predecessor-version":[{"id":37,"href":"https:\/\/asbim.es\/index.php?rest_route=\/wp\/v2\/pages\/11\/revisions\/37"}],"wp:attachment":[{"href":"https:\/\/asbim.es\/index.php?rest_route=%2Fwp%2Fv2%2Fmedia&parent=11"}],"curies":[{"name":"wp","href":"https:\/\/api.w.org\/{rel}","templated":true}]}}