{"id":13,"date":"2018-02-18T18:08:27","date_gmt":"2018-02-18T18:08:27","guid":{"rendered":"http:\/\/asbim.es\/?page_id=13"},"modified":"2018-02-20T20:50:50","modified_gmt":"2018-02-20T20:50:50","slug":"sobre-nosotros","status":"publish","type":"page","link":"http:\/\/asbim.es\/?page_id=13","title":{"rendered":"Port Folio"},"content":{"rendered":"<p><strong><img loading=\"lazy\" decoding=\"async\" class=\"alignnone size-medium wp-image-26\" src=\"http:\/\/asbim.es\/wp-content\/uploads\/2018\/02\/TARJETA-VISITA-DEtras-300x192.jpg\" alt=\"\" width=\"300\" height=\"192\" srcset=\"http:\/\/asbim.es\/wp-content\/uploads\/2018\/02\/TARJETA-VISITA-DEtras-300x192.jpg 300w, http:\/\/asbim.es\/wp-content\/uploads\/2018\/02\/TARJETA-VISITA-DEtras-768x491.jpg 768w, http:\/\/asbim.es\/wp-content\/uploads\/2018\/02\/TARJETA-VISITA-DEtras.jpg 1016w\" sizes=\"auto, (max-width: 300px) 100vw, 300px\" \/><\/strong><\/p>\n<p><strong>As BIM\u00a0 \u00a0 \u00a0 \u00a0 \u00a0 \u00a0 \u00a0 \u00a0\u00a0<\/strong><\/p>\n<p>Ram\u00f3n Ill\u00e1n Garc\u00eda\u00a0 \u00a0 \u00a0 \u00a0 \u00a0 \u00a0 &#8211; Arquitecto T\u00e9cnico &#8211; BIM Manager &#8211;\u00a0Ingeniero de Edificaci\u00f3n<\/p>\n<p>C\/ Alegr\u00eda, Nave A-6\u00a0 \u00a0 \u00a0 \u00a0 \u00a0Pol\u00edgono Industrial Oeste\u00a0 \u00a0 30165\u00a0 \u00a0 Murcia<\/p>\n<p>Tlf. 649.630.274\u00a0 \u00a0 \u00a0 \u00a0 \u00a0 \u00a0ramon@asbim.es<\/p>\n","protected":false},"excerpt":{"rendered":"<p>As BIM\u00a0 \u00a0 \u00a0 \u00a0 \u00a0 \u00a0 \u00a0 \u00a0\u00a0 Ram\u00f3n Ill\u00e1n Garc\u00eda\u00a0 \u00a0 \u00a0 \u00a0 \u00a0 \u00a0 &#8211; Arquitecto T\u00e9cnico &#8211; BIM Manager &#8211;\u00a0Ingeniero de Edificaci\u00f3n C\/ Alegr\u00eda, Nave A-6\u00a0 \u00a0 \u00a0 \u00a0 \u00a0Pol\u00edgono Industrial Oeste\u00a0 \u00a0 30165\u00a0 \u00a0 Murcia<\/p>\n","protected":false},"author":1,"featured_media":0,"parent":0,"menu_order":0,"comment_status":"closed","ping_status":"closed","template":"","meta":{"footnotes":""},"class_list":["post-13","page","type-page","status-publish","hentry"],"_links":{"self":[{"href":"http:\/\/asbim.es\/index.php?rest_route=\/wp\/v2\/pages\/13","targetHints":{"allow":["GET"]}}],"collection":[{"href":"http:\/\/asbim.es\/index.php?rest_route=\/wp\/v2\/pages"}],"about":[{"href":"http:\/\/asbim.es\/index.php?rest_route=\/wp\/v2\/types\/page"}],"author":[{"embeddable":true,"href":"http:\/\/asbim.es\/index.php?rest_route=\/wp\/v2\/users\/1"}],"replies":[{"embeddable":true,"href":"http:\/\/asbim.es\/index.php?rest_route=%2Fwp%2Fv2%2Fcomments&post=13"}],"version-history":[{"count":6,"href":"http:\/\/asbim.es\/index.php?rest_route=\/wp\/v2\/pages\/13\/revisions"}],"predecessor-version":[{"id":50,"href":"http:\/\/asbim.es\/index.php?rest_route=\/wp\/v2\/pages\/13\/revisions\/50"}],"wp:attachment":[{"href":"http:\/\/asbim.es\/index.php?rest_route=%2Fwp%2Fv2%2Fmedia&parent=13"}],"curies":[{"name":"wp","href":"https:\/\/api.w.org\/{rel}","templated":true}]}}